{"id":1937,"date":"2025-05-12T20:17:52","date_gmt":"2025-05-13T01:17:52","guid":{"rendered":"https:\/\/blog.wacheckin.com\/?page_id=1937"},"modified":"2026-03-23T21:06:47","modified_gmt":"2026-03-24T02:06:47","slug":"automatizacion","status":"publish","type":"page","link":"https:\/\/www.wacheckin.com\/en\/automatizacion\/","title":{"rendered":"Automation"},"content":{"rendered":"<div data-elementor-type=\"wp-page\" data-elementor-id=\"1937\" class=\"elementor elementor-1937\" data-elementor-post-type=\"page\">\n\t\t\t\t<div class=\"elementor-element elementor-element-2b90960 e-flex e-con-boxed e-con e-parent\" data-id=\"2b90960\" data-element_type=\"container\" data-settings=\"{&quot;background_background&quot;:&quot;classic&quot;}\">\n\t\t\t\t\t<div class=\"e-con-inner\">\n\t\t<div class=\"elementor-element elementor-element-0d43781 e-con-full e-flex e-con e-child\" data-id=\"0d43781\" data-element_type=\"container\" data-settings=\"{&quot;background_background&quot;:&quot;classic&quot;}\">\n\t\t\t\t<div class=\"elementor-element elementor-element-c915cdd elementor-widget elementor-widget-heading\" data-id=\"c915cdd\" data-element_type=\"widget\" data-widget_type=\"heading.default\">\n\t\t\t\t<div class=\"elementor-widget-container\">\n\t\t\t\t\t<h2 class=\"elementor-heading-title elementor-size-default\">Make your bed work alone<\/h2>\t\t\t\t<\/div>\n\t\t\t\t<\/div>\n\t\t\t\t<div class=\"elementor-element elementor-element-cfdfac1 elementor-widget elementor-widget-text-editor\" data-id=\"cfdfac1\" data-element_type=\"widget\" data-widget_type=\"text-editor.default\">\n\t\t\t\t<div class=\"elementor-widget-container\">\n\t\t\t\t\t\t\t\t\t<p>Say goodbye to repetitive tasks. With our tools, automation, everything flows: less manual work for you, more time for what matters. Ideal for keeping your tourist accommodation under control without going crazy.<\/p>\t\t\t\t\t\t\t\t<\/div>\n\t\t\t\t<\/div>\n\t\t\t\t<\/div>\n\t\t<div class=\"elementor-element elementor-element-f6863be e-con-full e-flex e-con e-child\" data-id=\"f6863be\" data-element_type=\"container\">\n\t\t<div class=\"elementor-element elementor-element-b4f0371 e-con-full e-flex e-con e-child\" data-id=\"b4f0371\" data-element_type=\"container\">\n\t\t\t\t<\/div>\n\t\t<div class=\"elementor-element elementor-element-f8ab757 e-con-full e-flex e-con e-child\" data-id=\"f8ab757\" data-element_type=\"container\">\n\t\t\t\t<div class=\"elementor-element elementor-element-463df5a elementor-widget elementor-widget-button\" data-id=\"463df5a\" data-element_type=\"widget\" data-widget_type=\"button.default\">\n\t\t\t\t<div class=\"elementor-widget-container\">\n\t\t\t\t\t\t\t\t\t<div class=\"elementor-button-wrapper\">\n\t\t\t\t\t<a class=\"elementor-button elementor-button-link elementor-size-sm\" href=\"https:\/\/cal.com\/veronica-wacheckin\/videollamada-demo?user=veronica-wacheckin&#038;overlayCalendar=true\" target=\"_blank\">\n\t\t\t\t\t\t<span class=\"elementor-button-content-wrapper\">\n\t\t\t\t\t\t\t\t\t<span class=\"elementor-button-text\">Probar WACheckin Gratis<\/span>\n\t\t\t\t\t<\/span>\n\t\t\t\t\t<\/a>\n\t\t\t\t<\/div>\n\t\t\t\t\t\t\t\t<\/div>\n\t\t\t\t<\/div>\n\t\t\t\t<\/div>\n\t\t<div class=\"elementor-element elementor-element-d06bb7a e-con-full e-flex e-con e-child\" data-id=\"d06bb7a\" data-element_type=\"container\">\n\t\t\t\t<\/div>\n\t\t\t\t<\/div>\n\t\t\t\t\t<\/div>\n\t\t\t\t<\/div>\n\t\t<div class=\"elementor-element elementor-element-8fe5854 e-flex e-con-boxed e-con e-parent\" data-id=\"8fe5854\" data-element_type=\"container\">\n\t\t\t\t\t<div class=\"e-con-inner\">\n\t\t\t\t<div class=\"elementor-element elementor-element-8f09ccc elementor-widget elementor-widget-image\" data-id=\"8f09ccc\" data-element_type=\"widget\" data-widget_type=\"image.default\">\n\t\t\t\t<div class=\"elementor-widget-container\">\n\t\t\t\t\t\t\t\t\t\t\t\t\t\t\t<img fetchpriority=\"high\" decoding=\"async\" width=\"800\" height=\"498\" src=\"https:\/\/www.wacheckin.com\/wp-content\/uploads\/2025\/11\/atencion-al-huesped-2-1024x638.png\" class=\"attachment-large size-large wp-image-6950\" alt=\"\" srcset=\"https:\/\/www.wacheckin.com\/wp-content\/uploads\/2025\/11\/atencion-al-huesped-2-1024x638.png 1024w, https:\/\/www.wacheckin.com\/wp-content\/uploads\/2025\/11\/atencion-al-huesped-2-300x187.png 300w, https:\/\/www.wacheckin.com\/wp-content\/uploads\/2025\/11\/atencion-al-huesped-2-768x478.png 768w, https:\/\/www.wacheckin.com\/wp-content\/uploads\/2025\/11\/atencion-al-huesped-2-1536x956.png 1536w, https:\/\/www.wacheckin.com\/wp-content\/uploads\/2025\/11\/atencion-al-huesped-2.png 1699w\" sizes=\"(max-width: 800px) 100vw, 800px\" \/>\t\t\t\t\t\t\t\t\t\t\t\t\t\t\t<\/div>\n\t\t\t\t<\/div>\n\t\t\t\t\t<\/div>\n\t\t\t\t<\/div>\n\t\t<div class=\"elementor-element elementor-element-c3ea7e4 e-flex e-con-boxed e-con e-parent\" data-id=\"c3ea7e4\" data-element_type=\"container\">\n\t\t\t\t\t<div class=\"e-con-inner\">\n\t\t<div class=\"elementor-element elementor-element-36624e2 e-con-full e-flex e-con e-child\" data-id=\"36624e2\" data-element_type=\"container\">\n\t\t\t\t<div class=\"elementor-element elementor-element-4ec4b77 elementor-widget elementor-widget-heading\" data-id=\"4ec4b77\" data-element_type=\"widget\" data-widget_type=\"heading.default\">\n\t\t\t\t<div class=\"elementor-widget-container\">\n\t\t\t\t\t<h2 class=\"elementor-heading-title elementor-size-default\">Automatic Check-in<\/h2>\t\t\t\t<\/div>\n\t\t\t\t<\/div>\n\t\t\t\t<div class=\"elementor-element elementor-element-1a27b2c elementor-widget elementor-widget-text-editor\" data-id=\"1a27b2c\" data-element_type=\"widget\" data-widget_type=\"text-editor.default\">\n\t\t\t\t<div class=\"elementor-widget-container\">\n\t\t\t\t\t\t\t\t\t<p>The host starts its process of legal registration by WhatsApp. The system guides the capture of data with <b>auto-fill<\/b> and the <b>identity verification<\/b>, eliminating the need for physical reception or manual intervention from your computer. It is an express Check-in<\/p>\t\t\t\t\t\t\t\t<\/div>\n\t\t\t\t<\/div>\n\t\t\t\t<\/div>\n\t\t<div class=\"elementor-element elementor-element-0dae22b e-con-full e-flex e-con e-child\" data-id=\"0dae22b\" data-element_type=\"container\">\n\t\t\t\t<div class=\"elementor-element elementor-element-734a9bc elementor-widget elementor-widget-image\" data-id=\"734a9bc\" data-element_type=\"widget\" data-widget_type=\"image.default\">\n\t\t\t\t<div class=\"elementor-widget-container\">\n\t\t\t\t\t\t\t\t\t\t\t\t\t\t\t<img decoding=\"async\" width=\"800\" height=\"563\" src=\"https:\/\/www.wacheckin.com\/wp-content\/uploads\/2025\/05\/Notificacion-checkin-whatsapp-1024x720.png\" class=\"attachment-large size-large wp-image-2207\" alt=\"\" srcset=\"https:\/\/www.wacheckin.com\/wp-content\/uploads\/2025\/05\/Notificacion-checkin-whatsapp-1024x720.png 1024w, https:\/\/www.wacheckin.com\/wp-content\/uploads\/2025\/05\/Notificacion-checkin-whatsapp-300x211.png 300w, https:\/\/www.wacheckin.com\/wp-content\/uploads\/2025\/05\/Notificacion-checkin-whatsapp-768x540.png 768w, https:\/\/www.wacheckin.com\/wp-content\/uploads\/2025\/05\/Notificacion-checkin-whatsapp.png 1097w\" sizes=\"(max-width: 800px) 100vw, 800px\" \/>\t\t\t\t\t\t\t\t\t\t\t\t\t\t\t<\/div>\n\t\t\t\t<\/div>\n\t\t\t\t<\/div>\n\t\t\t\t\t<\/div>\n\t\t\t\t<\/div>\n\t\t<div class=\"elementor-element elementor-element-8839976 e-flex e-con-boxed e-con e-parent\" data-id=\"8839976\" data-element_type=\"container\">\n\t\t\t\t\t<div class=\"e-con-inner\">\n\t\t<div class=\"elementor-element elementor-element-37b4610 e-con-full e-flex e-con e-child\" data-id=\"37b4610\" data-element_type=\"container\">\n\t\t\t\t<div class=\"elementor-element elementor-element-d8fed20 elementor-widget elementor-widget-image\" data-id=\"d8fed20\" data-element_type=\"widget\" data-widget_type=\"image.default\">\n\t\t\t\t<div class=\"elementor-widget-container\">\n\t\t\t\t\t\t\t\t\t\t\t\t\t\t\t<img decoding=\"async\" width=\"800\" height=\"582\" src=\"https:\/\/www.wacheckin.com\/wp-content\/uploads\/2025\/09\/ventas-cruzadas-camping-v2-e1757396962832-1024x745.png\" class=\"attachment-large size-large wp-image-4566\" alt=\"\" srcset=\"https:\/\/www.wacheckin.com\/wp-content\/uploads\/2025\/09\/ventas-cruzadas-camping-v2-e1757396962832-1024x745.png 1024w, https:\/\/www.wacheckin.com\/wp-content\/uploads\/2025\/09\/ventas-cruzadas-camping-v2-e1757396962832-300x218.png 300w, https:\/\/www.wacheckin.com\/wp-content\/uploads\/2025\/09\/ventas-cruzadas-camping-v2-e1757396962832-768x558.png 768w, https:\/\/www.wacheckin.com\/wp-content\/uploads\/2025\/09\/ventas-cruzadas-camping-v2-e1757396962832-18x12.png 18w, https:\/\/www.wacheckin.com\/wp-content\/uploads\/2025\/09\/ventas-cruzadas-camping-v2-e1757396962832.png 1030w\" sizes=\"(max-width: 800px) 100vw, 800px\" \/>\t\t\t\t\t\t\t\t\t\t\t\t\t\t\t<\/div>\n\t\t\t\t<\/div>\n\t\t\t\t<\/div>\n\t\t<div class=\"elementor-element elementor-element-7c00223 e-con-full e-flex e-con e-child\" data-id=\"7c00223\" data-element_type=\"container\">\n\t\t\t\t<div class=\"elementor-element elementor-element-b3c0db3 elementor-widget elementor-widget-heading\" data-id=\"b3c0db3\" data-element_type=\"widget\" data-widget_type=\"heading.default\">\n\t\t\t\t<div class=\"elementor-widget-container\">\n\t\t\t\t\t<h2 class=\"elementor-heading-title elementor-size-default\">Cross-selling <\/h2>\t\t\t\t<\/div>\n\t\t\t\t<\/div>\n\t\t\t\t<div class=\"elementor-element elementor-element-607c2b5 elementor-widget elementor-widget-text-editor\" data-id=\"607c2b5\" data-element_type=\"widget\" data-widget_type=\"text-editor.default\">\n\t\t\t\t<div class=\"elementor-widget-container\">\n\t\t\t\t\t\t\t\t\t<p>The <b>intelligent automation<\/b> detects the ideal time to purchase (just after Check-in) and send you personalized offers of tours or extra services of WhatsApp. This <b>maximize your winnings passive<\/b>, becoming the communication in a direct source of additional income<\/p>\t\t\t\t\t\t\t\t<\/div>\n\t\t\t\t<\/div>\n\t\t\t\t<\/div>\n\t\t\t\t\t<\/div>\n\t\t\t\t<\/div>\n\t\t<div class=\"elementor-element elementor-element-004f691 e-flex e-con-boxed e-con e-parent\" data-id=\"004f691\" data-element_type=\"container\">\n\t\t\t\t\t<div class=\"e-con-inner\">\n\t\t<div class=\"elementor-element elementor-element-3725c03 e-con-full e-flex e-con e-child\" data-id=\"3725c03\" data-element_type=\"container\">\n\t\t\t\t<div class=\"elementor-element elementor-element-9036674 elementor-widget elementor-widget-heading\" data-id=\"9036674\" data-element_type=\"widget\" data-widget_type=\"heading.default\">\n\t\t\t\t<div class=\"elementor-widget-container\">\n\t\t\t\t\t<h2 class=\"elementor-heading-title elementor-size-default\">Keys and digital self-service access<\/h2>\t\t\t\t<\/div>\n\t\t\t\t<\/div>\n\t\t\t\t<div class=\"elementor-element elementor-element-3eee9b3 elementor-widget elementor-widget-text-editor\" data-id=\"3eee9b3\" data-element_type=\"widget\" data-widget_type=\"text-editor.default\">\n\t\t\t\t<div class=\"elementor-widget-container\">\n\t\t\t\t\t\t\t\t\t<p>After you verify the identity and complete the registration, the system activates and automatically sends the access code (digital key) to the host <b>directly by WhatsApp<\/b>. This ensures a finish seamless, fully autonomous and without delay, regardless of the time of admission<\/p>\t\t\t\t\t\t\t\t<\/div>\n\t\t\t\t<\/div>\n\t\t\t\t<\/div>\n\t\t<div class=\"elementor-element elementor-element-5bf185e e-con-full e-flex e-con e-child\" data-id=\"5bf185e\" data-element_type=\"container\">\n\t\t\t\t<div class=\"elementor-element elementor-element-f82ec1e elementor-widget elementor-widget-image\" data-id=\"f82ec1e\" data-element_type=\"widget\" data-widget_type=\"image.default\">\n\t\t\t\t<div class=\"elementor-widget-container\">\n\t\t\t\t\t\t\t\t\t\t\t\t\t\t\t<img loading=\"lazy\" decoding=\"async\" width=\"800\" height=\"403\" src=\"https:\/\/www.wacheckin.com\/wp-content\/uploads\/2025\/05\/cerradura-inteligente-checkin-1024x516.png\" class=\"attachment-large size-large wp-image-2218\" alt=\"\" srcset=\"https:\/\/www.wacheckin.com\/wp-content\/uploads\/2025\/05\/cerradura-inteligente-checkin-1024x516.png 1024w, https:\/\/www.wacheckin.com\/wp-content\/uploads\/2025\/05\/cerradura-inteligente-checkin-300x151.png 300w, https:\/\/www.wacheckin.com\/wp-content\/uploads\/2025\/05\/cerradura-inteligente-checkin-768x387.png 768w, https:\/\/www.wacheckin.com\/wp-content\/uploads\/2025\/05\/cerradura-inteligente-checkin.png 1330w\" sizes=\"(max-width: 800px) 100vw, 800px\" \/>\t\t\t\t\t\t\t\t\t\t\t\t\t\t\t<\/div>\n\t\t\t\t<\/div>\n\t\t\t\t<\/div>\n\t\t\t\t\t<\/div>\n\t\t\t\t<\/div>\n\t\t<div class=\"elementor-element elementor-element-86d1c18 e-flex e-con-boxed e-con e-parent\" data-id=\"86d1c18\" data-element_type=\"container\">\n\t\t\t\t\t<div class=\"e-con-inner\">\n\t\t<div class=\"elementor-element elementor-element-4876f2b e-con-full e-flex e-con e-child\" data-id=\"4876f2b\" data-element_type=\"container\">\n\t\t\t\t<div class=\"elementor-element elementor-element-f414cc7 elementor-widget elementor-widget-image\" data-id=\"f414cc7\" data-element_type=\"widget\" data-widget_type=\"image.default\">\n\t\t\t\t<div class=\"elementor-widget-container\">\n\t\t\t\t\t\t\t\t\t\t\t\t\t\t\t<img loading=\"lazy\" decoding=\"async\" width=\"776\" height=\"514\" src=\"https:\/\/www.wacheckin.com\/wp-content\/uploads\/2025\/05\/reviews-automaticos-wacheckin.png\" class=\"attachment-large size-large wp-image-2225\" alt=\"\" srcset=\"https:\/\/www.wacheckin.com\/wp-content\/uploads\/2025\/05\/reviews-automaticos-wacheckin.png 776w, https:\/\/www.wacheckin.com\/wp-content\/uploads\/2025\/05\/reviews-automaticos-wacheckin-300x199.png 300w, https:\/\/www.wacheckin.com\/wp-content\/uploads\/2025\/05\/reviews-automaticos-wacheckin-768x509.png 768w\" sizes=\"(max-width: 776px) 100vw, 776px\" \/>\t\t\t\t\t\t\t\t\t\t\t\t\t\t\t<\/div>\n\t\t\t\t<\/div>\n\t\t\t\t<\/div>\n\t\t<div class=\"elementor-element elementor-element-a0a17e3 e-con-full e-flex e-con e-child\" data-id=\"a0a17e3\" data-element_type=\"container\">\n\t\t\t\t<div class=\"elementor-element elementor-element-1370fe8 elementor-widget elementor-widget-heading\" data-id=\"1370fe8\" data-element_type=\"widget\" data-widget_type=\"heading.default\">\n\t\t\t\t<div class=\"elementor-widget-container\">\n\t\t\t\t\t<h2 class=\"elementor-heading-title elementor-size-default\">Reviews automatic (with filter)<\/h2>\t\t\t\t<\/div>\n\t\t\t\t<\/div>\n\t\t\t\t<div class=\"elementor-element elementor-element-94c9284 elementor-widget elementor-widget-text-editor\" data-id=\"94c9284\" data-element_type=\"widget\" data-widget_type=\"text-editor.default\">\n\t\t\t\t<div class=\"elementor-widget-container\">\n\t\t\t\t\t\t\t\t\t<p>Our system is designed to <b>shield your online reputation<\/b>. The application of valuation is activated automatically after the <i>Check-out<\/i> and is sent directly by WhatsApp. First, we ask the guest a <b>internal rating (1 to 5)<\/b> about your experience. Only if the answer is positive (4 or 5), it sends the link to leave a review<\/p>\t\t\t\t\t\t\t\t<\/div>\n\t\t\t\t<\/div>\n\t\t\t\t<\/div>\n\t\t\t\t\t<\/div>\n\t\t\t\t<\/div>\n\t\t<div class=\"elementor-element elementor-element-2452b18 e-flex e-con-boxed e-con e-parent\" data-id=\"2452b18\" data-element_type=\"container\">\n\t\t\t\t\t<div class=\"e-con-inner\">\n\t\t\t\t<div class=\"elementor-element elementor-element-f9d630b elementor-widget elementor-widget-heading\" data-id=\"f9d630b\" data-element_type=\"widget\" data-widget_type=\"heading.default\">\n\t\t\t\t<div class=\"elementor-widget-container\">\n\t\t\t\t\t<h2 class=\"elementor-heading-title elementor-size-default\"><b style=\"color:#079A3D\">Intelligent management <\/b>PMS and Channel Manager, unified<\/h2>\t\t\t\t<\/div>\n\t\t\t\t<\/div>\n\t\t\t\t<div class=\"elementor-element elementor-element-1771994 elementor-widget elementor-widget-text-editor\" data-id=\"1771994\" data-element_type=\"widget\" data-widget_type=\"text-editor.default\">\n\t\t\t\t<div class=\"elementor-widget-container\">\n\t\t\t\t\t\t\t\t\t<p>The platform WA Checkin is not just an automation tool, it is a centralized system that synchronizes its data reserves to nourish every function of the AI<\/p>\t\t\t\t\t\t\t\t<\/div>\n\t\t\t\t<\/div>\n\t\t\t\t\t<\/div>\n\t\t\t\t<\/div>\n\t\t<div class=\"elementor-element elementor-element-1fd1534 e-flex e-con-boxed e-con e-parent\" data-id=\"1fd1534\" data-element_type=\"container\">\n\t\t\t\t\t<div class=\"e-con-inner\">\n\t\t<div class=\"elementor-element elementor-element-5174330 e-con-full e-flex e-con e-child\" data-id=\"5174330\" data-element_type=\"container\" data-settings=\"{&quot;background_background&quot;:&quot;classic&quot;}\">\n\t\t\t\t<div class=\"elementor-element elementor-element-74df3a7 elementor-position-left elementor-vertical-align-middle elementor-widget elementor-widget-image-box\" data-id=\"74df3a7\" data-element_type=\"widget\" data-widget_type=\"image-box.default\">\n\t\t\t\t<div class=\"elementor-widget-container\">\n\t\t\t\t\t<div class=\"elementor-image-box-wrapper\"><figure class=\"elementor-image-box-img\"><img loading=\"lazy\" decoding=\"async\" width=\"2526\" height=\"2433\" src=\"https:\/\/www.wacheckin.com\/wp-content\/uploads\/2025\/11\/Mesa-de-trabajo-6@3x.png\" class=\"attachment-full size-full wp-image-5008\" alt=\"\" srcset=\"https:\/\/www.wacheckin.com\/wp-content\/uploads\/2025\/11\/Mesa-de-trabajo-6@3x.png 2526w, https:\/\/www.wacheckin.com\/wp-content\/uploads\/2025\/11\/Mesa-de-trabajo-6@3x-300x289.png 300w, https:\/\/www.wacheckin.com\/wp-content\/uploads\/2025\/11\/Mesa-de-trabajo-6@3x-1024x986.png 1024w, https:\/\/www.wacheckin.com\/wp-content\/uploads\/2025\/11\/Mesa-de-trabajo-6@3x-768x740.png 768w, https:\/\/www.wacheckin.com\/wp-content\/uploads\/2025\/11\/Mesa-de-trabajo-6@3x-1536x1479.png 1536w, https:\/\/www.wacheckin.com\/wp-content\/uploads\/2025\/11\/Mesa-de-trabajo-6@3x-2048x1973.png 2048w\" sizes=\"(max-width: 2526px) 100vw, 2526px\" \/><\/figure><div class=\"elementor-image-box-content\"><h3 class=\"elementor-image-box-title\">Property Management System (PMS)<\/h3><p class=\"elementor-image-box-description\">The management system assisted by Artificial Intelligence<\/p><\/div><\/div>\t\t\t\t<\/div>\n\t\t\t\t<\/div>\n\t\t\t\t<div class=\"elementor-element elementor-element-bc73147 elementor-widget elementor-widget-text-editor\" data-id=\"bc73147\" data-element_type=\"widget\" data-widget_type=\"text-editor.default\">\n\t\t\t\t<div class=\"elementor-widget-container\">\n\t\t\t\t\t\t\t\t\t<p data-start=\"53\" data-end=\"129\">Centralize reservations, unit management, communications and legal files. The PMS acts as the <b>brain of your business<\/b>offering a 360\u00b0 vision of your operation and the host in real time<\/p>\t\t\t\t\t\t\t\t<\/div>\n\t\t\t\t<\/div>\n\t\t\t\t<div class=\"elementor-element elementor-element-0af36ce elementor-widget elementor-widget-image\" data-id=\"0af36ce\" data-element_type=\"widget\" data-widget_type=\"image.default\">\n\t\t\t\t<div class=\"elementor-widget-container\">\n\t\t\t\t\t\t\t\t\t\t\t\t\t\t\t<img loading=\"lazy\" decoding=\"async\" width=\"800\" height=\"502\" src=\"https:\/\/www.wacheckin.com\/wp-content\/uploads\/2025\/11\/home-inteligencia-artificial--1024x643.png\" class=\"attachment-large size-large wp-image-6286\" alt=\"\" srcset=\"https:\/\/www.wacheckin.com\/wp-content\/uploads\/2025\/11\/home-inteligencia-artificial--1024x643.png 1024w, https:\/\/www.wacheckin.com\/wp-content\/uploads\/2025\/11\/home-inteligencia-artificial--300x188.png 300w, https:\/\/www.wacheckin.com\/wp-content\/uploads\/2025\/11\/home-inteligencia-artificial--768x483.png 768w, https:\/\/www.wacheckin.com\/wp-content\/uploads\/2025\/11\/home-inteligencia-artificial--1536x965.png 1536w, https:\/\/www.wacheckin.com\/wp-content\/uploads\/2025\/11\/home-inteligencia-artificial--2048x1287.png 2048w\" sizes=\"(max-width: 800px) 100vw, 800px\" \/>\t\t\t\t\t\t\t\t\t\t\t\t\t\t\t<\/div>\n\t\t\t\t<\/div>\n\t\t\t\t<\/div>\n\t\t<div class=\"elementor-element elementor-element-55b7959 e-con-full e-flex e-con e-child\" data-id=\"55b7959\" data-element_type=\"container\" data-settings=\"{&quot;background_background&quot;:&quot;classic&quot;}\">\n\t\t\t\t<div class=\"elementor-element elementor-element-a427efa elementor-position-left elementor-vertical-align-middle elementor-widget elementor-widget-image-box\" data-id=\"a427efa\" data-element_type=\"widget\" data-widget_type=\"image-box.default\">\n\t\t\t\t<div class=\"elementor-widget-container\">\n\t\t\t\t\t<div class=\"elementor-image-box-wrapper\"><figure class=\"elementor-image-box-img\"><img loading=\"lazy\" decoding=\"async\" width=\"2526\" height=\"2433\" src=\"https:\/\/www.wacheckin.com\/wp-content\/uploads\/2025\/11\/Mesa-de-trabajo-3@3x.png\" class=\"attachment-full size-full wp-image-5006\" alt=\"\" srcset=\"https:\/\/www.wacheckin.com\/wp-content\/uploads\/2025\/11\/Mesa-de-trabajo-3@3x.png 2526w, https:\/\/www.wacheckin.com\/wp-content\/uploads\/2025\/11\/Mesa-de-trabajo-3@3x-300x289.png 300w, https:\/\/www.wacheckin.com\/wp-content\/uploads\/2025\/11\/Mesa-de-trabajo-3@3x-1024x986.png 1024w, https:\/\/www.wacheckin.com\/wp-content\/uploads\/2025\/11\/Mesa-de-trabajo-3@3x-768x740.png 768w, https:\/\/www.wacheckin.com\/wp-content\/uploads\/2025\/11\/Mesa-de-trabajo-3@3x-1536x1479.png 1536w, https:\/\/www.wacheckin.com\/wp-content\/uploads\/2025\/11\/Mesa-de-trabajo-3@3x-2048x1973.png 2048w\" sizes=\"(max-width: 2526px) 100vw, 2526px\" \/><\/figure><div class=\"elementor-image-box-content\"><h3 class=\"elementor-image-box-title\">Channel Manager (CM) Synchronized<\/h3><p class=\"elementor-image-box-description\">Synchronizes the availability and fees of all the OTAs<\/p><\/div><\/div>\t\t\t\t<\/div>\n\t\t\t\t<\/div>\n\t\t\t\t<div class=\"elementor-element elementor-element-e8f22b1 elementor-widget elementor-widget-text-editor\" data-id=\"e8f22b1\" data-element_type=\"widget\" data-widget_type=\"text-editor.default\">\n\t\t\t\t<div class=\"elementor-widget-container\">\n\t\t\t\t\t\t\t\t\t<article class=\"text-token-text-primary w-full\" dir=\"auto\" data-testid=\"conversation-turn-6\" data-scroll-anchor=\"true\"><div class=\"text-base my-auto mx-auto py-5 [--thread-content-margin:--spacing(4)] @[37rem]:[--thread-content-margin:--spacing(6)] @[72rem]:[--thread-content-margin:--spacing(16)] px-(--thread-content-margin)\"><div class=\"[--thread-content-max-width:32rem] @[34rem]:[--thread-content-max-width:40rem] @[64rem]:[--thread-content-max-width:48rem] mx-auto flex max-w-(--thread-content-max-width) flex-1 text-base gap-4 md:gap-5 lg:gap-6 group\/turn-messages focus-visible:outline-hidden\" tabindex=\"-1\"><div class=\"group\/conversation-turn relative flex w-full min-w-0 flex-col agent-turn\"><div class=\"relative flex-col gap-1 md:gap-3\"><div class=\"flex max-w-full flex-col grow\"><div class=\"min-h-8 text-message relative flex w-full flex-col items-end gap-2 text-start break-words whitespace-normal [.text-message+&amp;]:mt-5\" dir=\"auto\" data-message-author-role=\"assistant\" data-message-id=\"b34ca4f8-c0cb-4292-ab94-faf4d8f43c85\" data-message-model-slug=\"gpt-4o-mini\"><div class=\"flex w-full flex-col gap-1 empty:hidden first:pt-[3px]\"><div class=\"markdown prose dark:prose-invert w-full break-words light\"><p class=\"\" data-start=\"0\" data-end=\"229\">We maintain their rates and availability <b>synchronized in real-time<\/b> in all the OTAs. This two-way integration ensures that you never have <i>overbookings<\/i> or pricing errors, feeding the AI with perfect data<\/p><\/div><\/div><\/div><\/div><\/div><\/div><\/div><\/div><\/article>\t\t\t\t\t\t\t\t<\/div>\n\t\t\t\t<\/div>\n\t\t\t\t<div class=\"elementor-element elementor-element-5884629 elementor-widget elementor-widget-image\" data-id=\"5884629\" data-element_type=\"widget\" data-widget_type=\"image.default\">\n\t\t\t\t<div class=\"elementor-widget-container\">\n\t\t\t\t\t\t\t\t\t\t\t\t\t\t\t<img loading=\"lazy\" decoding=\"async\" width=\"800\" height=\"516\" src=\"https:\/\/www.wacheckin.com\/wp-content\/uploads\/2025\/11\/channel-manager-actual-1024x660.png\" class=\"attachment-large size-large wp-image-6116\" alt=\"\" srcset=\"https:\/\/www.wacheckin.com\/wp-content\/uploads\/2025\/11\/channel-manager-actual-1024x660.png 1024w, https:\/\/www.wacheckin.com\/wp-content\/uploads\/2025\/11\/channel-manager-actual-300x193.png 300w, https:\/\/www.wacheckin.com\/wp-content\/uploads\/2025\/11\/channel-manager-actual-768x495.png 768w, https:\/\/www.wacheckin.com\/wp-content\/uploads\/2025\/11\/channel-manager-actual.png 1071w\" sizes=\"(max-width: 800px) 100vw, 800px\" \/>\t\t\t\t\t\t\t\t\t\t\t\t\t\t\t<\/div>\n\t\t\t\t<\/div>\n\t\t\t\t<\/div>\n\t\t\t\t\t<\/div>\n\t\t\t\t<\/div>\n\t\t\t\t<\/div>","protected":false},"excerpt":{"rendered":"<p>Haz que tu alojamiento trabaje solo Desp\u00eddete de las tareas repetitivas. Con nuestras herramientas de automatizaci\u00f3n, todo fluye: menos trabajo manual para ti, m\u00e1s tiempo para lo que importa. Ideal para mantener tu alojamiento tur\u00edstico bajo control sin volverte loco. Probar WACheckin Gratis Check-in autom\u00e1tico El hu\u00e9sped inicia su proceso de registro legal por WhatsApp. [&hellip;]<\/p>","protected":false},"author":1,"featured_media":0,"parent":0,"menu_order":0,"comment_status":"closed","ping_status":"closed","template":"","meta":{"footnotes":""},"class_list":["post-1937","page","type-page","status-publish","hentry"],"_links":{"self":[{"href":"https:\/\/www.wacheckin.com\/en\/wp-json\/wp\/v2\/pages\/1937","targetHints":{"allow":["GET"]}}],"collection":[{"href":"https:\/\/www.wacheckin.com\/en\/wp-json\/wp\/v2\/pages"}],"about":[{"href":"https:\/\/www.wacheckin.com\/en\/wp-json\/wp\/v2\/types\/page"}],"author":[{"embeddable":true,"href":"https:\/\/www.wacheckin.com\/en\/wp-json\/wp\/v2\/users\/1"}],"replies":[{"embeddable":true,"href":"https:\/\/www.wacheckin.com\/en\/wp-json\/wp\/v2\/comments?post=1937"}],"version-history":[{"count":160,"href":"https:\/\/www.wacheckin.com\/en\/wp-json\/wp\/v2\/pages\/1937\/revisions"}],"predecessor-version":[{"id":9107,"href":"https:\/\/www.wacheckin.com\/en\/wp-json\/wp\/v2\/pages\/1937\/revisions\/9107"}],"wp:attachment":[{"href":"https:\/\/www.wacheckin.com\/en\/wp-json\/wp\/v2\/media?parent=1937"}],"curies":[{"name":"wp","href":"https:\/\/api.w.org\/{rel}","templated":true}]}}