{"id":3812,"date":"2025-06-30T08:29:44","date_gmt":"2025-06-30T13:29:44","guid":{"rendered":"https:\/\/www.wacheckin.es\/?page_id=3812"},"modified":"2025-08-27T17:21:45","modified_gmt":"2025-08-27T22:21:45","slug":"terminos-y-condiciones","status":"publish","type":"page","link":"https:\/\/www.wacheckin.com\/en\/terminos-y-condiciones\/","title":{"rendered":"Terms &amp; Conditions"},"content":{"rendered":"<div data-elementor-type=\"wp-page\" data-elementor-id=\"3812\" class=\"elementor elementor-3812\" data-elementor-post-type=\"page\">\n\t\t\t\t<div class=\"elementor-element elementor-element-82c5f6b e-flex e-con-boxed e-con e-parent\" data-id=\"82c5f6b\" data-element_type=\"container\">\n\t\t\t\t\t<div class=\"e-con-inner\">\n\t\t\t\t<div class=\"elementor-element elementor-element-846d53d elementor-widget elementor-widget-heading\" data-id=\"846d53d\" data-element_type=\"widget\" data-widget_type=\"heading.default\">\n\t\t\t\t<div class=\"elementor-widget-container\">\n\t\t\t\t\t<h2 class=\"elementor-heading-title elementor-size-default\">T\u00e9rminos de Uso<\/h2>\t\t\t\t<\/div>\n\t\t\t\t<\/div>\n\t\t\t\t<div class=\"elementor-element elementor-element-7625575 elementor-widget elementor-widget-text-editor\" data-id=\"7625575\" data-element_type=\"widget\" data-widget_type=\"text-editor.default\">\n\t\t\t\t<div class=\"elementor-widget-container\">\n\t\t\t\t\t\t\t\t\t<article data-v-4b14c698=\"\"><div data-v-4b14c698=\"\" data-title=\"\"><div data-v-4b14c698=\"\"><h5>INFORMACI\u00d3N<strong> GENERAL<\/strong><\/h5><p data-v-4b14c698=\"\">Esta p\u00e1gina, su contenido e infraestructura, y el servicio de gesti\u00f3n de reservas de alojamientos que proporcionamos en esta p\u00e1gina y a trav\u00e9s de este sitio web pertenecen, son gestionadas y administradas por INNDEV 360 SL (en adelante WACheckin.es). En todo el sitio web, as\u00ed como en la App de WACheckin.es\u00a0y en cualquiera de los productos que la empresa ofrece (en adelante al hablar del sitio web o de la web de WACheckin.es, estaremos haciendo referencia a todas las plataformas en las que WACheckin.es provee sus servicios y toda la informaci\u00f3n contenida en ellas), los t\u00e9rminos \u201cnosotros\u201d, \u201cnos\u201d y \u201cnuestro\u201d se refieren a WACheckin.es. WACheckin.es ofrece este sitio web, y el usuario, est\u00e1 condicionado a la aceptaci\u00f3n de todos los t\u00e9rminos, condiciones, pol\u00edticas y notificaciones aqu\u00ed establecidos.<\/p><p data-v-4b14c698=\"\">Al visitar nuestro sitio web, y\/o comprar alguno de nuestros productos, usted participa en nuestro \u201cServicio\u201d y acepta los siguientes t\u00e9rminos y condiciones (\u201cT\u00e9rminos de Servicio\u201d, \u201cT\u00e9rminos\u201d), incluidos todos los t\u00e9rminos y condiciones adicionales y las pol\u00edticas a las que se hace referencia en estos T\u00e9rminos, as\u00ed como las pol\u00edticas y condiciones disponibles a trav\u00e9s de hiperv\u00ednculos. Estas condiciones de servicio se aplican a todos los usuarios de WACheckin.es, incluyendo a usuarios que sean navegadores, proveedores, clientes, y\/o colaboradores, sin que esta lista sirva de limitaci\u00f3n alguna.<\/p><p data-v-4b14c698=\"\">Por favor, lea estos T\u00e9rminos de Servicio cuidadosamente antes de acceder o utilizar nuestro sitio web. Al acceder o utilizar cualquier parte del sitio, est\u00e1 usted aceptando los T\u00e9rminos de Servicio. Si no est\u00e1 de acuerdo con todos los t\u00e9rminos y condiciones, no deber\u00eda acceder a la p\u00e1gina web o usar cualquiera de nuestros servicios.<\/p><p data-v-4b14c698=\"\">Cualquier funci\u00f3n nueva o herramienta que se a\u00f1ada a nuestra oferta de productos y servicios, tambi\u00e9n estar\u00e1 sujeta a los T\u00e9rminos de Servicio. Puede usted revisar la versi\u00f3n actualizada de los T\u00e9rminos en cualquier momento en esta p\u00e1gina. WACheckin.es se reserva el derecho de actualizar, cambiar o reemplazar cualquier parte de los T\u00e9rminos de Servicio mediante la publicaci\u00f3n de actualizaciones y\/o cambios en nuestro sitio web. Es responsabilidad del usuario revisar dichos T\u00e9rminos peri\u00f3dicamente para verificar si hay cambios. Su uso continuado o el acceso al sitio web despu\u00e9s de la publicaci\u00f3n de cualquier cambio constituye la aceptaci\u00f3n de dichos cambios.<\/p><p data-v-4b14c698=\"\">Estos t\u00e9rminos han sido redactados de conformidad con lo dispuesto en la normativa vigente aplicable en materia de Internet, comercio electr\u00f3nico y protecci\u00f3n de datos, entre otras.<\/p><p><br data-v-4b14c698=\"\" \/><br data-v-4b14c698=\"\" \/><\/p><h6><strong>SECCI\u00d3N 1 &#8211; CONDICIONES GENERALES<\/strong><\/h6><p data-v-4b14c698=\"\">Usted no puede usar los productos de WACheckin.es\u00a0con ning\u00fan prop\u00f3sito ilegal o no autorizado, tampoco puede, en el uso del Servicio, violar cualquier ley que le sea aplicable. No debe transmitir gusanos, virus o cualquier c\u00f3digo de naturaleza destructiva.<\/p><p data-v-4b14c698=\"\">En adici\u00f3n a las prohibiciones mencionadas, se proh\u00edbe el uso del sitio web o su contenido: (a) para pedirle a otros que realicen o participen en actos il\u00edcitos; (b) para infringir o violar el derecho de propiedad intelectual de\u00a0<span style=\"font-size: 1rem;\">WACheckin.es\u00a0<\/span><span style=\"font-size: 1rem;\">o de terceras partes; (c) para acosar, abusar, insultar, da\u00f1ar, difamar, calumniar, desprestigiar, intimidar o discriminar por razones de g\u00e9nero, orientaci\u00f3n sexual, religi\u00f3n, etnia, raza, edad, nacionalidad o discapacidad; (d) para presentar informaci\u00f3n falsa o enga\u00f1osa; (e) para recopilar o rastrear informaci\u00f3n personal de otros; (f) para generar spam, phish, pharm, pretext, spider, crawl, o scrape; (g) para cualquier prop\u00f3sito obsceno o inmoral; o (h) para interferir o burlar los elementos de seguridad del Servicio.<\/span><\/p><p data-v-4b14c698=\"\">Nos reservamos el derecho de suspender el uso del Servicio o de cualquier sitio web relacionado por violar cualquiera de los \u00edtems de los usos prohibidos.<\/p><p data-v-4b14c698=\"\">El incumplimiento o violaci\u00f3n de cualquiera de estos T\u00e9rminos dar\u00e1n lugar al cese inmediato de los Servicios y al ejercicio de las acciones legales y de resarcimiento que sean necesarias.<\/p><p data-v-4b14c698=\"\">WACheckin.es se reserva el derecho a rechazar la prestaci\u00f3n de los Servicios a cualquier persona, por cualquier motivo y en cualquier momento.<\/p><p data-v-4b14c698=\"\">Usted se compromete a no reproducir, duplicar, copiar, vender, revender o explotar cualquier parte del Servicio, uso del Servicio, o acceso al Servicio o cualquier contacto en el sitio web a trav\u00e9s del cual se presta el servicio sin el permiso por escrito de WACheckin.es.<\/p><p data-v-4b14c698=\"\">Los t\u00edtulos y encabezados utilizados en la redacci\u00f3n se incluyen solo por conveniencia y no limita o afecta a estos T\u00e9rminos.<\/p><p><br data-v-4b14c698=\"\" \/><br data-v-4b14c698=\"\" \/><\/p><h6><strong>SECCI\u00d3N 2 &#8211; EXACTITUD, EXHAUSTIVIDAD Y ACTUALIDAD DE LA INFORMACI\u00d3N<\/strong><\/h6><p data-v-4b14c698=\"\"><span style=\"font-size: 1rem;\">WACheckin.es<\/span>\u00a0no se hace responsable si la informaci\u00f3n disponible en este sitio web no es exacta, completa o actual. El material en este sitio es provisto s\u00f3lo con fines de informaci\u00f3n general y no debe confiarse en ella o utilizarse como la \u00fanica base para la toma de decisiones sin consultar previamente, informaci\u00f3n m\u00e1s precisa, completa u oportuna.<\/p><p data-v-4b14c698=\"\">Este sitio web puede contener cierta informaci\u00f3n hist\u00f3rica o pasada. Dicha informaci\u00f3n no es necesariamente actual y se provee \u00fanicamente como referencia. WACheckin.es\u00a0se reserva el derecho a modificar los contenidos de este sitio web en cualquier momento, pero no se obliga a actualizar la informaci\u00f3n. Usted acepta que es su responsabilidad revisar y comprobar los cambios en nuestro sitio web.<\/p><p><br data-v-4b14c698=\"\" \/><br data-v-4b14c698=\"\" \/><\/p><h6><strong>SECCI\u00d3N 3 &#8211; MODIFICACIONES AL SERVICIO Y PRECIOS<\/strong><\/h6><p data-v-4b14c698=\"\">Los precios de nuestros productos est\u00e1n sujetos a posibles variaciones sin que sea necesario practicar un previo aviso. As\u00ed mismo WACheckin.es\u00a0se reserva el derecho a modificar o suspender el Servicio (o cualquier parte del mismo) en cualquier momento sin previo aviso.<\/p><p data-v-4b14c698=\"\"><span style=\"font-size: 1rem;\">WACheckin.es<\/span>\u00a0no es responsable ante usted o ante una tercera parte por cualquier modificaci\u00f3n, cambio de precio, suspensi\u00f3n o discontinuidad del Servicio.<\/p><p><br data-v-4b14c698=\"\" \/><br data-v-4b14c698=\"\" \/><\/p><h6><strong>SECCI\u00d3N 4 &#8211; PRODUCTOS Y SERVICIOS<\/strong><\/h6><p data-v-4b14c698=\"\">Ciertos productos o servicios pueden estar disponibles exclusivamente a discreci\u00f3n de WACheckin.es. Estos productos o servicios pueden estar sujetos a devoluci\u00f3n o cambio de acuerdo con nuestra \u201cPol\u00edtica de Devoluci\u00f3n\u201d.<\/p><p data-v-4b14c698=\"\">Todas las descripciones de productos o precios de los productos est\u00e1n sujetas a cambios en cualquier momento y sin previo aviso, a la sola discreci\u00f3n de WACheckin.es. WACheckin.es no se hace responsable de las expectativas acerca de sus productos y servicios generadas en este sitio web o trav\u00e9s de nuestras campa\u00f1as de comunicaci\u00f3n comercial y no garantiza que los errores en el Servicio sean corregidos. WACheckin.es se reserva el derecho de suspender cualquier producto en cualquier momento. Cualquier oferta de un producto o servicio hecha en este sitio web es nula donde pueda contravenir las leyes.<\/p><p data-v-4b14c698=\"\">Puede ocurrir que haya informaci\u00f3n en la web de WACheckin.es o en el contenido del Servicio que contenga errores tipogr\u00e1ficos, inexactitudes u omisiones que puedan estar relacionadas con las descripciones de productos, precios, promociones, ofertas, tiempo de tr\u00e1nsito y disponibilidad. WACheckin.es se reserva el derecho a corregir dichos errores, inexactitudes u omisiones en cualquier momento sin previo aviso.<\/p><p><br data-v-4b14c698=\"\" \/><br data-v-4b14c698=\"\" \/><\/p><h6><strong>SECCI\u00d3N 5 &#8211; POL\u00cdTICA DE DEVOLUCI\u00d3N<\/strong><\/h6><p data-v-4b14c698=\"\">WACheckin es una empresa que ofrece sus servicios bajo un modelo de suscripci\u00f3n, el cliente paga una tarifa de forma peri\u00f3dica (mensual o anual) a cambio de unos servicios que se prestan una vez recibido el pago. El cliente una vez introduce los datos de pago (n\u00famero de tarjeta, fecha de vencimiento y cualquier otra informaci\u00f3n necesaria para que se tramite la transacci\u00f3n) da su consentimiento a WACheckin.es para que realice los cobros pertinentes a trav\u00e9s de dicho m\u00e9todo de pago.<\/p><p data-v-4b14c698=\"\">Es responsabilidad del cliente vigilar y revisar su per\u00edodo de facturaci\u00f3n y el pr\u00f3ximo cargo que se va a realizar, de modo que si no desea continuar con el servicio es dicho cliente quien debe dar de baja el servicio, o de lo contrario el pr\u00f3ximo cargo se realizar\u00e1 y no se generar\u00e1 derecho alguno a reembolso, dado que una vez realizado el pago, los servicios de WACheckin estar\u00e1n disponibles para el uso por parte del cliente durante el tiempo de suscripci\u00f3n restante.<\/p><p data-v-4b14c698=\"\">No obstante, WACheckin se reserva el derecho a reembolsar estudiando el caso concreto y siempre atendiendo a razones objetivas y justas, como una ca\u00edda del servicio que no permita dar de baja la suscripci\u00f3n o un plagio de tarjeta bancaria.<\/p><p><br data-v-4b14c698=\"\" \/><br data-v-4b14c698=\"\" \/><\/p><h6><strong>SECCI\u00d3N 6 &#8211; EXACTITUD DE FACTURACI\u00d3N E INFORMACI\u00d3N DE CUENTA<\/strong><\/h6><p data-v-4b14c698=\"\">Usted se compromete a proporcionar informaci\u00f3n actual, completa y precisa relativa a los detalles de su cuenta, informaci\u00f3n de facturaci\u00f3n, datos de contacto y dem\u00e1s informaci\u00f3n necesaria para el correcto funcionamiento de los Servicios. Usted se compromete a actualizar su informaci\u00f3n de pago (n\u00fameros de tarjeta, fecha de vencimiento, etc.), para que podamos completar sus transacciones.<\/p><p><br data-v-4b14c698=\"\" \/><br data-v-4b14c698=\"\" \/><\/p><h6><strong>SECCI\u00d3N 7 &#8211; HERRAMIENTAS OPCIONALES Y ENLACES DE TERCEROS<\/strong><\/h6><p data-v-4b14c698=\"\">Es posible que le proporcionemos a usted acceso a herramientas\/plataformas de terceros sobre las que no tenemos control ni entrada. Usted reconoce y acepta que proporcionamos acceso a este tipo de herramientas \u201ctal cual\u201d y \u201cseg\u00fan disponibilidad\u201d sin garant\u00edas, representaciones o condiciones de ning\u00fan tipo y sin ning\u00fan respaldo. No tendremos responsabilidad alguna derivada de o relacionada con el uso de herramientas proporcionadas por terceras partes. Cualquier uso que usted haga de dichas herramientas opcionales que se ofrecen a trav\u00e9s del sitio web ser\u00e1 bajo su propio riesgo y discreci\u00f3n y deber\u00e1 usted asegurarse de estar familiarizado y aceptar los t\u00e9rminos bajo los cuales estas herramientas son proporcionadas.<\/p><p data-v-4b14c698=\"\">Cierto contenido, productos y\/o servicios que WACheckin.es ofrece puede incluir material de terceras partes. Hay enlaces de terceras partes en este sitio web que pueden redireccionarle a sitios web que no est\u00e1n bajo nuestro control. No nos responsabilizamos de examinar o evaluar el contenido o exactitud y no garantizamos ni tendremos ninguna obligaci\u00f3n o responsabilidad por cualquier material de terceros.<\/p><p><br data-v-4b14c698=\"\" \/><br data-v-4b14c698=\"\" \/><\/p><h6><strong>SECCI\u00d3N 8 &#8211; INFORMACI\u00d3N PERSONAL<\/strong><\/h6><p data-v-4b14c698=\"\">El tratamiento de informaci\u00f3n personal por parte de WACheckin.es se rige por nuestra Pol\u00edtica de Privacidad. Los datos confiados a WACheckin.es ser\u00e1n tratados de forma confidencial y quedar\u00e1n incorporados a los respectivos ficheros de los que es responsable INNDEV 360 SL con domicilio social en Avenida Juan L\u00f3pez Pe\u00f1alver 21, <b>Parque Tecnol\u00f3gico de Andalucia, <\/b>CP 29590, M\u00e1laga &#8211; ESPA\u00d1A, una vez que el usuario haya dado su consentimiento expreso.<\/p><p data-v-4b14c698=\"\">Mediante dicho consentimiento, WACheckin.es obtiene el permiso para recabar los datos de los hu\u00e9spedes con la \u00fanica finalidad de proceder al registro de los mismos en las plataformas destinadas a tal efecto por los Cuerpos y Fuerzas de Seguridad del Estado, convirti\u00e9ndose en encargado de dicho tratamiento, y siendo el usuario titular del alojamiento el responsable del tratamiento de los datos. Para formalizar este encargo de tratamiento WACheckin.es y el usuario deber\u00e1n firmar un contrato de encargo de tratamiento. En su defecto, el usuario podr\u00e1, mediante la aceptaci\u00f3n de estos T\u00e9rminos acogerse al encargo de tratamiento gen\u00e9rico.<\/p><p data-v-4b14c698=\"\">A colaci\u00f3n del p\u00e1rrafo anterior, WACheckin.es informa a los usuarios titulares de los alojamientos que deber\u00e1n ofrecer a los hu\u00e9spedes una pol\u00edtica de privacidad en la que se indique qu\u00e9 datos van a ser tratados y con qu\u00e9 finalidad, y en la que se establezca que WACheckin es el encargado del tratamiento y ellos mismos (titulares del alojamiento) son los responsables.<\/p><p data-v-4b14c698=\"\">Si los usuarios de WACheckin.es no ofrecen una pol\u00edtica de privacidad a sus hu\u00e9spedes, el tratamiento de los datos podr\u00e1 regirse por la siguiente pol\u00edtica de privacidad gen\u00e9rica.<\/p><p data-v-4b14c698=\"\">El tratamiento de los datos de car\u00e1cter personal de los usuarios llevado a cabo por WACheckin.es, se realiza conforme a lo previsto en la Ley Org\u00e1nica 3\/2018, de 5 de diciembre, de Protecci\u00f3n de Datos Personales y garant\u00eda de los derechos digitales, en desarrollo del Reglamento (UE) 2016\/679 del Parlamento Europeo y del Consejo de 27 de abril de 2016, relativo a la protecci\u00f3n de las personas f\u00edsicas en lo que respecta al tratamiento de datos personales y a la libre circulaci\u00f3n de estos datos y por el que se deroga la Directiva 95\/46\/CE, as\u00ed como cualquier otra disposici\u00f3n que tenga por finalidad el desarrollo de ese cuerpo normativo.<\/p><p><br data-v-4b14c698=\"\" \/><br data-v-4b14c698=\"\" \/><\/p><h6><strong>SECCI\u00d3N 9 &#8211; LIMITACI\u00d3N DE RESPONSABILIDAD<\/strong><\/h6><p data-v-4b14c698=\"\">Sujeto a las limitaciones establecidas en estos T\u00e9rminos y en la medida permitida por la ley, solo seremos responsables de los da\u00f1os directos realmente sufridos, pagados o incurridos por usted debido a una deficiencia atribuible a las obligaciones de WACheckin.es con respecto a los servicios que la empresa ofrece.<\/p><p data-v-4b14c698=\"\">Sin embargo, y en la medida permitida por la ley, ni WACheckin.es ni ninguno de sus directores, empleados, representantes, compa\u00f1\u00edas afiliadas, distribuidores, licenciatarios, agentes u otros involucrados en la creaci\u00f3n, patrocinio, promoci\u00f3n de WACheckin.es y su contenido ser\u00e1 responsable de (a) interrupciones, errores o suspensiones inoportunos, (b) la exactitud y fiabilidad de los datos, (c) cualquier da\u00f1o directo, indirecto, incidental o consecuente de cualquier tipo, incluidos, entre otros, p\u00e9rdida de ingresos, p\u00e9rdida de datos, costes de reemplazo o cualquier da\u00f1o similar, ya sea por agravio (incluida negligencia), responsabilidad directa o de otro tipo, que surja del uso de cualquiera de los servicios o productos adquiridos a trav\u00e9s del Servicio, o para cualquier otra reclamaci\u00f3n relacionada de alguna manera con el uso del Servicio o cualquier producto, incluidos, entre otros, cualquier error u omisi\u00f3n en cualquier contenido, o cualquier p\u00e9rdida o da\u00f1o de cualquier tipo incurrido como resultado del uso del Servicio o cualquier contenido (o producto) publicado, transmitido o puesto a disposici\u00f3n a trav\u00e9s del Servicio, incluso si se informa de dicha posibilidad. Debido a que algunos estados o jurisdicciones no permiten la exclusi\u00f3n o limitaci\u00f3n de responsabilidad por da\u00f1os consecuentes o incidentales, en dichos estados o jurisdicciones, la responsabilidad de WACheckin.es se limitar\u00e1 en la medida m\u00e1xima permitida por la ley.<\/p><p data-v-4b14c698=\"\">En el uso de la Plataforma, es responsabilidad del usuario (a) verificar la informaci\u00f3n sobre la identificaci\u00f3n del hu\u00e9sped por cualquier medio que considere y que sea acorde con la normativa vigente, (b) verificar el correcto env\u00edo de la informaci\u00f3n, datos de los hu\u00e9spedes y partes de viajeros, as\u00ed como cualquier otro requisito que la legislaci\u00f3n vigente exija, a la autoridad o administraci\u00f3n correspondiente, (c) cumplir con las condiciones necesarias para garantizar la lectura precisa del escaneo del ID del hu\u00e9sped, (d) y cumplir con los posibles requisitos adicionales en el registro de hu\u00e9spedes que la legislaci\u00f3n pueda establecer y que no est\u00e9n incluidos en los servicios prestados por WACheckin.es.<\/p><p><br data-v-4b14c698=\"\" \/><br data-v-4b14c698=\"\" \/><\/p><h6><strong>SECCI\u00d3N 10 &#8211; INDEMNIZACI\u00d3N<\/strong><\/h6><p data-v-4b14c698=\"\">Usted acepta indemnizar, defender y\/o mantener indemne a WACheckin.es, sus filiales, afiliados, socios, empleados, directores, agentes, contratistas, concesionarios, proveedores de servicios y subcontratistas, de cualquier reclamaci\u00f3n o demanda, incluyendo honorarios razonables de abogados, hecha por cualquier tercero a causa o como resultado del incumplimiento de usted de los T\u00e9rminos o de las condiciones y pol\u00edticas que se incorporan a estos como referencia, o la violaci\u00f3n de cualquier ley o de los derechos de un tercero.<\/p><p><br data-v-4b14c698=\"\" \/><br data-v-4b14c698=\"\" \/><\/p><h6><strong>SECCI\u00d3N 11 &#8211; DIVISIBILIDAD<\/strong><\/h6><p data-v-4b14c698=\"\">En caso de que se determine que cualquier disposici\u00f3n de estos T\u00e9rminos sea ilegal, nula o inaplicable, dicha disposici\u00f3n se considerar\u00e1 separada de estos T\u00e9rminos, y dicha determinaci\u00f3n no afectar\u00e1 a la validez de las dem\u00e1s disposiciones.<\/p><p><br data-v-4b14c698=\"\" \/><br data-v-4b14c698=\"\" \/><\/p><h6><strong>SECCI\u00d3N 12 &#8211; LEY<\/strong><\/h6><p data-v-4b14c698=\"\">Estos T\u00e9rminos y cualquier otra condici\u00f3n, pol\u00edtica o acuerdo bajo el cual WACheckin.es proporcione sus servicios se regir\u00e1n e interpretar\u00e1n en conformidad con las leyes espa\u00f1olas y, siguiendo el orden de prelaci\u00f3n de las normas establecido en el derecho espa\u00f1ol, atendiendo a las normativas auton\u00f3micas de Madrid y a las regulaciones locales de la ciudad de Madrid.<\/p><p><br data-v-4b14c698=\"\" \/><br data-v-4b14c698=\"\" \/><\/p><h6><strong>SECCI\u00d3N 13 &#8211; CONTACTO<\/strong><\/h6><p data-v-4b14c698=\"\">Cualquier cuesti\u00f3n acerca de los T\u00e9rminos de Servicio deber\u00e1 ser remitida a soporte@WACheckin.es.<\/p><p><br data-v-4b14c698=\"\" \/><br data-v-4b14c698=\"\" \/><\/p><h6><strong>SECCI\u00d3N 14 &#8211; IDIOMA<\/strong><\/h6><p data-v-4b14c698=\"\">El idioma aplicable a estos T\u00e9rminos es el espa\u00f1ol. Cualquier versi\u00f3n de los mismos en idioma distinto es ofrecida para comodidad del Usuario y para facilitar su comprensi\u00f3n. No obstante, estos T\u00e9rminos se regir\u00e1n siempre por su versi\u00f3n en espa\u00f1ol.<\/p><p data-v-4b14c698=\"\">En caso de contradicci\u00f3n entre los T\u00e9rminos en cualquier idioma y su versi\u00f3n en espa\u00f1ol, prevalecer\u00e1 la versi\u00f3n en espa\u00f1ol.<\/p><\/div><\/div><div data-v-4b14c698=\"\">\u00a0<\/div><\/article><div data-v-4b14c698=\"\"><div><div><div><div>\u00a0<\/div><\/div><\/div><\/div><\/div>\t\t\t\t\t\t\t\t<\/div>\n\t\t\t\t<\/div>\n\t\t\t\t\t<\/div>\n\t\t\t\t<\/div>\n\t\t\t\t<\/div>","protected":false},"excerpt":{"rendered":"<p>T\u00e9rminos de Uso INFORMACI\u00d3N GENERAL Esta p\u00e1gina, su contenido e infraestructura, y el servicio de gesti\u00f3n de reservas de alojamientos que proporcionamos en esta p\u00e1gina y a trav\u00e9s de este sitio web pertenecen, son gestionadas y administradas por INNDEV 360 SL (en adelante WACheckin.es). En todo el sitio web, as\u00ed como en la App de [&hellip;]<\/p>","protected":false},"author":1,"featured_media":0,"parent":0,"menu_order":0,"comment_status":"closed","ping_status":"closed","template":"","meta":{"footnotes":""},"class_list":["post-3812","page","type-page","status-publish","hentry"],"_links":{"self":[{"href":"https:\/\/www.wacheckin.com\/en\/wp-json\/wp\/v2\/pages\/3812","targetHints":{"allow":["GET"]}}],"collection":[{"href":"https:\/\/www.wacheckin.com\/en\/wp-json\/wp\/v2\/pages"}],"about":[{"href":"https:\/\/www.wacheckin.com\/en\/wp-json\/wp\/v2\/types\/page"}],"author":[{"embeddable":true,"href":"https:\/\/www.wacheckin.com\/en\/wp-json\/wp\/v2\/users\/1"}],"replies":[{"embeddable":true,"href":"https:\/\/www.wacheckin.com\/en\/wp-json\/wp\/v2\/comments?post=3812"}],"version-history":[{"count":22,"href":"https:\/\/www.wacheckin.com\/en\/wp-json\/wp\/v2\/pages\/3812\/revisions"}],"predecessor-version":[{"id":4324,"href":"https:\/\/www.wacheckin.com\/en\/wp-json\/wp\/v2\/pages\/3812\/revisions\/4324"}],"wp:attachment":[{"href":"https:\/\/www.wacheckin.com\/en\/wp-json\/wp\/v2\/media?parent=3812"}],"curies":[{"name":"wp","href":"https:\/\/api.w.org\/{rel}","templated":true}]}}