{"id":3832,"date":"2025-06-30T09:20:54","date_gmt":"2025-06-30T14:20:54","guid":{"rendered":"https:\/\/www.wacheckin.es\/?page_id=3832"},"modified":"2025-08-27T17:26:42","modified_gmt":"2025-08-27T22:26:42","slug":"politicas-de-privacidadalojamiento","status":"publish","type":"page","link":"https:\/\/www.wacheckin.com\/en\/politicas-de-privacidadalojamiento\/","title":{"rendered":"Privacy Policy (Property)"},"content":{"rendered":"<div data-elementor-type=\"wp-page\" data-elementor-id=\"3832\" class=\"elementor elementor-3832\" data-elementor-post-type=\"page\">\n\t\t\t\t<div class=\"elementor-element elementor-element-e969d0a e-flex e-con-boxed e-con e-parent\" data-id=\"e969d0a\" data-element_type=\"container\">\n\t\t\t\t\t<div class=\"e-con-inner\">\n\t\t\t\t<div class=\"elementor-element elementor-element-1627993 elementor-widget elementor-widget-heading\" data-id=\"1627993\" data-element_type=\"widget\" data-widget_type=\"heading.default\">\n\t\t\t\t<div class=\"elementor-widget-container\">\n\t\t\t\t\t<h2 class=\"elementor-heading-title elementor-size-default\">Pol\u00edtica de privacidad gen\u00e9rica de los alojamientos<\/h2>\t\t\t\t<\/div>\n\t\t\t\t<\/div>\n\t\t\t\t<div class=\"elementor-element elementor-element-ed381c2 elementor-widget elementor-widget-text-editor\" data-id=\"ed381c2\" data-element_type=\"widget\" data-widget_type=\"text-editor.default\">\n\t\t\t\t<div class=\"elementor-widget-container\">\n\t\t\t\t\t\t\t\t\t<article id=\"post-19626\" class=\"container\" data-v-4b14c698=\"\"><div class=\"post-inner\" data-v-4b14c698=\"\" data-title=\"\"><div class=\"entry-content\" data-v-4b14c698=\"\"><header class=\"entry-header has-text-align-center header-footer-group\" data-v-28255f9a=\"\"><div class=\"entry-header-inner section-inner medium\" data-v-28255f9a=\"\"><p data-v-28255f9a=\"\">El marco normativo general es el RGPD europeo 679\/2016 sobre protecci\u00f3n de datos personales.<\/p><\/div><\/header><div class=\"post-inner\" data-v-28255f9a=\"\" data-title=\"\"><div class=\"entry-content\" data-v-28255f9a=\"\"><h6 class=\"subtitle\"><strong>1. General<\/strong><\/h6><p data-v-28255f9a=\"\">Para habilitar el uso de la aplicaci\u00f3n WACheckin.es y del resto de plataformas en las que se ofrecen los servicios de WACheckin.es, es necesario ser usuario registrado de la misma y aceptar las reglas de privacidad que se detallan a continuaci\u00f3n a tal efecto, de acuerdo con las establecidas en el Reglamento Europeo de Protecci\u00f3n de Datos (Reglamento 2016\/679) y las leyes espec\u00edficas del pa\u00eds y la regi\u00f3n donde se encuentra el sujeto de los datos a tratar.<\/p><p data-v-28255f9a=\"\">Al utilizar los servicios de WACheckin.es, y en consecuencia aceptar su pol\u00edtica de privacidad, usted acepta que el propietario del alojamiento, responsable de sus datos personales, almacene y procese los datos personales que usted nos proporciona con el fin de utilizar la plataforma. En todo caso, se informa al hu\u00e9sped que los siguientes tratamientos se realizan en base a la informaci\u00f3n facilitada.<\/p><p><br data-v-28255f9a=\"\" \/><br data-v-28255f9a=\"\" \/><\/p><h6 class=\"subtitle\"><strong>2. \u00bfQu\u00e9 hacemos con sus datos?<\/strong><\/h6><p><strong data-v-28255f9a=\"\">Los tratamientos, y por tanto, el uso de datos personales que se lleva a cabo son los siguientes:<\/strong><br data-v-28255f9a=\"\" \/><br data-v-28255f9a=\"\" \/><\/p><p data-v-28255f9a=\"\">&#8211; Gesti\u00f3n de estancias, con el fin de controlar la estancia en los alojamientos.<\/p><p data-v-28255f9a=\"\">&#8211; Informaci\u00f3n a las Autoridades, seg\u00fan lo requiera las normativas tur\u00edsticas, ya que puede existir obligaci\u00f3n legal de hacerlo.<\/p><p><br data-v-28255f9a=\"\" \/><br data-v-28255f9a=\"\" \/><\/p><h6 class=\"subtitle\"><strong>3. \u00bfQu\u00e9 datos personales tratamos en la aplicaci\u00f3n?<\/strong><\/h6><p data-v-28255f9a=\"\">Los siguientes datos podr\u00edan ser procesados (hay algunas regiones donde la recopilaci\u00f3n de algunos datos no es obligatoria) para administrar su estancia y enviar informaci\u00f3n a las Autoridades: Nombre, Apellido, Segundo Apellido, Sexo, Nacionalidad, Nacionalidad, Fecha de Nacimiento, Nacimiento Pa\u00eds, ciudad de nacimiento, pa\u00eds de residencia, ciudad de residencia, direcci\u00f3n de residencia, tipo de identificaci\u00f3n, n\u00famero de identificaci\u00f3n, fecha de identificaci\u00f3n, pa\u00eds de identificaci\u00f3n, ciudad de emisi\u00f3n, prop\u00f3sito de la estad\u00eda, n\u00famero de visa, firma.<\/p><p><br data-v-28255f9a=\"\" \/><br data-v-28255f9a=\"\" \/><\/p><h6 class=\"subtitle\"><strong>4. \u00bfCu\u00e1nto tiempo se almacenan?<\/strong><\/h6><p data-v-28255f9a=\"\">En general, almacenamos la informaci\u00f3n durante el tiempo necesario para realizar los diferentes tratamientos, y al menos, de acuerdo con la normativa tur\u00edstica, por un per\u00edodo de 3 a\u00f1os.<\/p><p><br data-v-28255f9a=\"\" \/><br data-v-28255f9a=\"\" \/><\/p><h6 class=\"subtitle\"><strong>5. \u00bfA qui\u00e9n transferimos los datos?<\/strong><\/h6><p><strong data-v-28255f9a=\"\">Cualquier dato que sea recabado por el titular del alojamiento, en ning\u00fan caso, ser\u00e1 cedido a terceras empresas, excepto en los casos que se detallan a continuaci\u00f3n:<\/strong><br data-v-28255f9a=\"\" \/><br data-v-28255f9a=\"\" \/><\/p><p data-v-28255f9a=\"\">&#8211; Todos los tratamientos antes mencionados son cedidos exclusivamente a WACheckin.es a los efectos de la gesti\u00f3n completa del registro de hu\u00e9spedes y dem\u00e1s servicios convenidos entre WACheckin.es y el titular del alojamiento.<\/p><p data-v-28255f9a=\"\">&#8211; La transferencia de tratamientos a las Autoridades.<\/p><p><br data-v-28255f9a=\"\" \/><br data-v-28255f9a=\"\" \/><\/p><h6 class=\"subtitle\"><strong>6. \u00bfTomamos decisiones automatizadas?<\/strong><\/h6><p data-v-28255f9a=\"\">No, actualmente no se est\u00e1n tomando decisiones de tratamiento automatizadas.<\/p><p><br data-v-28255f9a=\"\" \/><br data-v-28255f9a=\"\" \/><\/p><h6 class=\"subtitle\"><strong>7. Derechos de acceso, rectificaci\u00f3n, supresi\u00f3n, limitaci\u00f3n del tratamiento, portabilidad de datos y oposici\u00f3n.<\/strong><\/h6><p><strong data-v-28255f9a=\"\">De acuerdo con el Reglamento General de Protecci\u00f3n de Datos, junto con su derecho a oponerse a la automatizaci\u00f3n de decisiones, cualquier usuario que haya facilitado datos al titular del alojamiento tiene los siguientes derechos que puede ejercitar:<\/strong><br data-v-28255f9a=\"\" \/><br data-v-28255f9a=\"\" \/><\/p><p data-v-28255f9a=\"\">&#8211; Acceso.<\/p><p data-v-28255f9a=\"\">&#8211; Rectificaci\u00f3n.<\/p><p data-v-28255f9a=\"\">&#8211; Supresi\u00f3n.<\/p><p data-v-28255f9a=\"\">&#8211; Limitaci\u00f3n de tratamiento.<\/p><p data-v-28255f9a=\"\">&#8211; Portabilidad de los datos.<\/p><p data-v-28255f9a=\"\">&#8211; Oposici\u00f3n.<\/p><p data-v-28255f9a=\"\">El ejercicio de estos derechos deber\u00e1 realizarse mediante comunicaci\u00f3n dirigida al titular del alojamiento, bien a la direcci\u00f3n postal, bien a la direcci\u00f3n electr\u00f3nica que dicho titular debe facilitar, sin perjuicio de la utilizaci\u00f3n de cualquier otro medio v\u00e1lido en derecho que permita cumplir con los requisitos legalmente v\u00e1lidos.<\/p><p><strong data-v-28255f9a=\"\">Para acreditar su identidad en caso de que desee ejercer los derechos antes mencionados, necesitaremos que nos facilite:<\/strong><br data-v-28255f9a=\"\" \/><br data-v-28255f9a=\"\" \/><\/p><p data-v-28255f9a=\"\">&#8211; Nombre y apellidos del interesado; copia de DNI, pasaporte o similar y, en su caso, de la persona que lo represente.<\/p><p data-v-28255f9a=\"\">&#8211; Objeto de la solicitud.<\/p><p data-v-28255f9a=\"\">&#8211; Direcci\u00f3n a efectos de notificaci\u00f3n, fecha y firma del solicitante.<\/p><p data-v-28255f9a=\"\">&#8211; Documentos que sustenten la petici\u00f3n formulada en caso de que se estimen convenientes o necesarios.<\/p><\/div><\/div><\/div><\/div><\/article>\t\t\t\t\t\t\t\t<\/div>\n\t\t\t\t<\/div>\n\t\t\t\t\t<\/div>\n\t\t\t\t<\/div>\n\t\t\t\t<\/div>","protected":false},"excerpt":{"rendered":"<p>Pol\u00edtica de privacidad gen\u00e9rica de los alojamientos El marco normativo general es el RGPD europeo 679\/2016 sobre protecci\u00f3n de datos personales. 1. General Para habilitar el uso de la aplicaci\u00f3n WACheckin.es y del resto de plataformas en las que se ofrecen los servicios de WACheckin.es, es necesario ser usuario registrado de la misma y aceptar [&hellip;]<\/p>","protected":false},"author":1,"featured_media":0,"parent":0,"menu_order":0,"comment_status":"closed","ping_status":"closed","template":"","meta":{"footnotes":""},"class_list":["post-3832","page","type-page","status-publish","hentry"],"_links":{"self":[{"href":"https:\/\/www.wacheckin.com\/en\/wp-json\/wp\/v2\/pages\/3832","targetHints":{"allow":["GET"]}}],"collection":[{"href":"https:\/\/www.wacheckin.com\/en\/wp-json\/wp\/v2\/pages"}],"about":[{"href":"https:\/\/www.wacheckin.com\/en\/wp-json\/wp\/v2\/types\/page"}],"author":[{"embeddable":true,"href":"https:\/\/www.wacheckin.com\/en\/wp-json\/wp\/v2\/users\/1"}],"replies":[{"embeddable":true,"href":"https:\/\/www.wacheckin.com\/en\/wp-json\/wp\/v2\/comments?post=3832"}],"version-history":[{"count":7,"href":"https:\/\/www.wacheckin.com\/en\/wp-json\/wp\/v2\/pages\/3832\/revisions"}],"predecessor-version":[{"id":4330,"href":"https:\/\/www.wacheckin.com\/en\/wp-json\/wp\/v2\/pages\/3832\/revisions\/4330"}],"wp:attachment":[{"href":"https:\/\/www.wacheckin.com\/en\/wp-json\/wp\/v2\/media?parent=3832"}],"curies":[{"name":"wp","href":"https:\/\/api.w.org\/{rel}","templated":true}]}}